{"id":88,"date":"2024-08-10T06:16:03","date_gmt":"2024-08-10T06:16:03","guid":{"rendered":"https:\/\/www.sichtbetonkunst.de\/support\/?page_id=88"},"modified":"2024-08-10T06:33:59","modified_gmt":"2024-08-10T06:33:59","slug":"anleitungen-betonkosmetik","status":"publish","type":"page","link":"https:\/\/www.sichtbetonkunst.de\/support\/anleitungen-betonkosmetik\/","title":{"rendered":"Anleitungen &#8211; Betonkosmetik"},"content":{"rendered":"\n<div class=\"wp-block-query is-layout-flow wp-block-query-is-layout-flow\"><ul class=\"wp-block-post-template is-layout-flow wp-block-post-template-is-layout-flow\"><li class=\"wp-block-post post-555 post type-post status-publish format-standard has-post-thumbnail hentry category-betonkosmetik category-news category-fugenlos tag-bad-ohne-fliessen tag-beton-ausbessern tag-beton-ausbessern-aussen tag-beton-behandeln tag-beton-cire tag-beton-cire-kaufen tag-beton-deko tag-beton-flicken tag-beton-kosmetik tag-beton-lasieren tag-beton-lasur-farbe tag-beton-lunker-ausbessern tag-beton-reparieren tag-beton-verschoenern tag-betonfassade-sichtbeton tag-betonkosmetik tag-betonkosmetik-berlin tag-betonkosmetik-chemnitz tag-betonkosmetik-preis tag-betonkosmetik-sachsen tag-betonkosmetik-selber-machen tag-betonkosmetik-sichtbeton tag-betonkosmetik-spachtel tag-betonkosmetiker tag-betonlasur-aussen tag-betonlasuren tag-betonlook tag-betonmauer-reparieren tag-betonoberflaeche-behandeln tag-betonoberflaechen-sanieren tag-betonoptik-spachtel tag-betonplatte-ausbessern tag-betonretusche tag-betonsanierung tag-betonspachtelmasse tag-betonstufen-ausbessern tag-betontreppe tag-betontreppe-aussen-versiegeln tag-betontreppe-mikrozement tag-betonwand-ausbessern tag-betonwand-reparieren tag-bodenbeschichtung tag-fugenlose-belaege tag-fugenlose-bodenbeschichtung tag-fugenlose-dusche tag-fugenloser-boden tag-fugenloses-bad tag-kiesnester-beton tag-kiesnester-im-beton-reparieren tag-kiesnester-im-beton-sichtbeton-verschoenern tag-kosmetikmoertel tag-kosmetikspachtel tag-lunker-im-beton tag-microcement tag-microzement tag-mikrozement-chemnitz tag-mikrozement-kaufen tag-mikrozement-sachsen tag-produkte-betonkosmetik tag-reprofilierung-beton tag-sichtbeton tag-sichtbeton-ausbessern tag-sichtbeton-behandeln tag-sichtbeton-kosmetik tag-sichtbeton-lasieren tag-sichtbeton-lasiert tag-sichtbeton-lasur tag-sichtbeton-reinigung tag-sichtbeton-reparieren tag-sichtbeton-sanieren tag-sichtbeton-spachtel tag-sichtbetonarbeiten tag-sichtbetondecken tag-sichtbetonkosmetik tag-sichtbetonoberflaechen tag-sichtbetonsanierung tag-sichtbetontreppe tag-treppe-verschoenern tag-wandgestaltung\">\n<h2 class=\"wp-block-post-title\"><a href=\"https:\/\/www.sichtbetonkunst.de\/support\/betonkosmetik\/referenzen-ueber-die-arbeiten-von-raumkult-sichtbeton\/\" target=\"_self\" >Referenzen \u00fcber die Arbeiten von raumkult Sichtbeton<\/a><\/h2>\n\n<figure class=\"alignwide wp-block-post-featured-image\"><a href=\"https:\/\/www.sichtbetonkunst.de\/support\/betonkosmetik\/referenzen-ueber-die-arbeiten-von-raumkult-sichtbeton\/\" target=\"_self\"  ><img data-recalc-dims=\"1\" loading=\"lazy\" decoding=\"async\" width=\"640\" height=\"640\" src=\"https:\/\/i0.wp.com\/www.sichtbetonkunst.de\/support\/wp-content\/uploads\/2024\/02\/rauMKult-Logo-2025-dunkler-Archi-Hintergrund.png?resize=640%2C640&#038;ssl=1\" class=\"attachment-post-thumbnail size-post-thumbnail wp-post-image\" alt=\"Referenzen \u00fcber die Arbeiten von raumkult Sichtbeton\" style=\"object-fit:cover;\" srcset=\"https:\/\/i0.wp.com\/www.sichtbetonkunst.de\/support\/wp-content\/uploads\/2024\/02\/rauMKult-Logo-2025-dunkler-Archi-Hintergrund.png?w=1000&amp;ssl=1 1000w, https:\/\/i0.wp.com\/www.sichtbetonkunst.de\/support\/wp-content\/uploads\/2024\/02\/rauMKult-Logo-2025-dunkler-Archi-Hintergrund.png?resize=300%2C300&amp;ssl=1 300w, https:\/\/i0.wp.com\/www.sichtbetonkunst.de\/support\/wp-content\/uploads\/2024\/02\/rauMKult-Logo-2025-dunkler-Archi-Hintergrund.png?resize=150%2C150&amp;ssl=1 150w, https:\/\/i0.wp.com\/www.sichtbetonkunst.de\/support\/wp-content\/uploads\/2024\/02\/rauMKult-Logo-2025-dunkler-Archi-Hintergrund.png?resize=768%2C768&amp;ssl=1 768w\" sizes=\"auto, (max-width: 640px) 100vw, 640px\" \/><\/a><\/figure>\n\n<div class=\"wp-block-post-excerpt\"><p class=\"wp-block-post-excerpt__excerpt\">letzte \u00c4nderung Die Referenzen sind derzeit unvollst\u00e4ndig und werden nach und nach in diesen Beitrag integriert. Es lohnt sich daher, regelm\u00e4\u00dfig vorbeizuschauen. \u2139\ufe0f Die bessere Ansicht auch mit Vorschaubildern, hat man \u00fcber den Browser am PC Betonkosmetik an einer verwitterten Betonmauer Reinigen &#8211; Struktur wiederherstellen &#8211; Betonretusche &#8211; Sch\u00fctzen vor erneuter Verwitterung 2024 Betonkosmetik an&hellip; <\/p><\/div>\n\n\n<hr class=\"wp-block-separator has-css-opacity\"\/>\n\n\n<div class=\"wp-block-post-date\"><time datetime=\"2024-02-12T12:29:00+01:00\">12. Februar 2024<\/time><\/div>\n<\/li><li class=\"wp-block-post post-1652 post type-post status-publish format-standard has-post-thumbnail hentry category-news tag-beton-deko tag-betonoptik-spachtel tag-sichtbeton\">\n<h2 class=\"wp-block-post-title\"><a href=\"https:\/\/www.sichtbetonkunst.de\/support\/news\/rockcrete-in-der-profikueche-stilvolle-sichtbeton-optik\/\" target=\"_self\" >RockCrete in der Profik\u00fcche \u2013 Stilvolle Sichtbeton-Optik<\/a><\/h2>\n\n<figure class=\"alignwide wp-block-post-featured-image\"><a href=\"https:\/\/www.sichtbetonkunst.de\/support\/news\/rockcrete-in-der-profikueche-stilvolle-sichtbeton-optik\/\" target=\"_self\"  ><img data-recalc-dims=\"1\" loading=\"lazy\" decoding=\"async\" width=\"640\" height=\"853\" src=\"https:\/\/i0.wp.com\/www.sichtbetonkunst.de\/support\/wp-content\/uploads\/2025\/11\/IMG_4353.jpeg?resize=640%2C853&#038;ssl=1\" class=\"attachment-post-thumbnail size-post-thumbnail wp-post-image\" alt=\"RockCrete in der Profik\u00fcche \u2013 Stilvolle Sichtbeton-Optik\" style=\"object-fit:cover;\" srcset=\"https:\/\/i0.wp.com\/www.sichtbetonkunst.de\/support\/wp-content\/uploads\/2025\/11\/IMG_4353.jpeg?w=1536&amp;ssl=1 1536w, https:\/\/i0.wp.com\/www.sichtbetonkunst.de\/support\/wp-content\/uploads\/2025\/11\/IMG_4353.jpeg?resize=225%2C300&amp;ssl=1 225w, https:\/\/i0.wp.com\/www.sichtbetonkunst.de\/support\/wp-content\/uploads\/2025\/11\/IMG_4353.jpeg?resize=768%2C1024&amp;ssl=1 768w, https:\/\/i0.wp.com\/www.sichtbetonkunst.de\/support\/wp-content\/uploads\/2025\/11\/IMG_4353.jpeg?resize=1152%2C1536&amp;ssl=1 1152w, https:\/\/i0.wp.com\/www.sichtbetonkunst.de\/support\/wp-content\/uploads\/2025\/11\/IMG_4353.jpeg?resize=1024%2C1365&amp;ssl=1 1024w, https:\/\/i0.wp.com\/www.sichtbetonkunst.de\/support\/wp-content\/uploads\/2025\/11\/IMG_4353.jpeg?w=1280&amp;ssl=1 1280w\" sizes=\"auto, (max-width: 640px) 100vw, 640px\" \/><\/a><\/figure>\n\n<div class=\"wp-block-post-excerpt\"><p class=\"wp-block-post-excerpt__excerpt\">Projekt von rauMKult\u00ae \u2013 pure surface art Neue Sichtbetons\u00e4ule mit RockCrete in Profik\u00fcche \u2013 statt Putz jetzt Charakter In der modernen Profik\u00fcche einer Mensa wurden zentrale Betons\u00e4ulen mithilfe der rauMKult\u00ae RockCrete-Technik in Schalbrettoptik gestaltet. Der urspr\u00fcngliche Putz wurde durch eine widerstandsf\u00e4hige, strukturierte Sichtbetonoberfl\u00e4che ersetzt, die sowohl funktionale als auch gestalterische Anforderungen erf\u00fcllt. Das Resultat ist&hellip; <\/p><\/div>\n\n\n<hr class=\"wp-block-separator has-css-opacity\"\/>\n\n\n<div class=\"wp-block-post-date\"><time datetime=\"2025-11-23T06:21:27+01:00\">23. November 2025<\/time><\/div>\n<\/li><li class=\"wp-block-post post-1601 post type-post status-publish format-standard has-post-thumbnail hentry category-allg category-kreative-wandgestaltung\">\n<h2 class=\"wp-block-post-title\"><a href=\"https:\/\/www.sichtbetonkunst.de\/support\/allg\/kreative-wandgestaltung-mit-stencil-art\/\" target=\"_self\" >Kreative Wandgestaltung mit Stencil Art<\/a><\/h2>\n\n<figure class=\"alignwide wp-block-post-featured-image\"><a href=\"https:\/\/www.sichtbetonkunst.de\/support\/allg\/kreative-wandgestaltung-mit-stencil-art\/\" target=\"_self\"  ><img data-recalc-dims=\"1\" loading=\"lazy\" decoding=\"async\" width=\"640\" height=\"853\" src=\"https:\/\/i0.wp.com\/www.sichtbetonkunst.de\/support\/wp-content\/uploads\/2025\/11\/img_4076-scaled.jpg?resize=640%2C853&#038;ssl=1\" class=\"attachment-post-thumbnail size-post-thumbnail wp-post-image\" alt=\"Kreative Wandgestaltung mit Stencil Art\" style=\"object-fit:cover;\" srcset=\"https:\/\/i0.wp.com\/www.sichtbetonkunst.de\/support\/wp-content\/uploads\/2025\/11\/img_4076-scaled.jpg?w=1920&amp;ssl=1 1920w, https:\/\/i0.wp.com\/www.sichtbetonkunst.de\/support\/wp-content\/uploads\/2025\/11\/img_4076-scaled.jpg?resize=225%2C300&amp;ssl=1 225w, https:\/\/i0.wp.com\/www.sichtbetonkunst.de\/support\/wp-content\/uploads\/2025\/11\/img_4076-scaled.jpg?resize=768%2C1024&amp;ssl=1 768w, https:\/\/i0.wp.com\/www.sichtbetonkunst.de\/support\/wp-content\/uploads\/2025\/11\/img_4076-scaled.jpg?w=1280&amp;ssl=1 1280w\" sizes=\"auto, (max-width: 640px) 100vw, 640px\" \/><\/a><\/figure>\n\n<div class=\"wp-block-post-excerpt\"><p class=\"wp-block-post-excerpt__excerpt\">Das Projekt von rauMKult\u00ae fokussiert sich auf erstklassige Wandgestaltung durch pr\u00e4zise Stencil Art und sorgf\u00e4ltige Vorbereitung. Jede Phase, von der Linienf\u00fchrung bis zum Farbauftrag, ist klar definiert, um \u00e4sthetisch ansprechende, langlebige Oberfl\u00e4chen zu schaffen. Fragen k\u00f6nnen in den Kommentaren gestellt werden; Anfragen sind herzlich willkommen. <\/p><\/div>\n\n\n<hr class=\"wp-block-separator has-css-opacity\"\/>\n\n\n<div class=\"wp-block-post-date\"><time datetime=\"2025-11-02T09:36:00+01:00\">2. November 2025<\/time><\/div>\n<\/li><li class=\"wp-block-post post-1414 post type-post status-publish format-standard has-post-thumbnail hentry category-portfolio tag-betonkosmetik tag-betonreparatur tag-bewegungsfuge tag-dresden tag-fugeninstandsetzung tag-fugenschaeden tag-retusche tag-sichtbeton tag-sika tag-tiefgarage\">\n<h2 class=\"wp-block-post-title\"><a href=\"https:\/\/www.sichtbetonkunst.de\/support\/portfolio\/sichtbeton-fugen-saniert-professionelle-reparatur-in-dresden\/\" target=\"_self\" >Sichtbeton Fugen saniert: Professionelle Reparatur in Dresden<\/a><\/h2>\n\n<figure class=\"alignwide wp-block-post-featured-image\"><a href=\"https:\/\/www.sichtbetonkunst.de\/support\/portfolio\/sichtbeton-fugen-saniert-professionelle-reparatur-in-dresden\/\" target=\"_self\"  ><img data-recalc-dims=\"1\" loading=\"lazy\" decoding=\"async\" width=\"640\" height=\"853\" src=\"https:\/\/i0.wp.com\/www.sichtbetonkunst.de\/support\/wp-content\/uploads\/2024\/09\/Sichtbeton-Betonkosmetik-Betonmauer-Stuetzwaende-nach-der-kosmetischen-Behandlung-rauMKult-Sichtbeton-16-scaled.jpg?resize=640%2C853&#038;ssl=1\" class=\"attachment-post-thumbnail size-post-thumbnail wp-post-image\" alt=\"Sichtbeton Fugen saniert: Professionelle Reparatur in Dresden\" style=\"object-fit:cover;\" srcset=\"https:\/\/i0.wp.com\/www.sichtbetonkunst.de\/support\/wp-content\/uploads\/2024\/09\/Sichtbeton-Betonkosmetik-Betonmauer-Stuetzwaende-nach-der-kosmetischen-Behandlung-rauMKult-Sichtbeton-16-scaled.jpg?w=1920&amp;ssl=1 1920w, https:\/\/i0.wp.com\/www.sichtbetonkunst.de\/support\/wp-content\/uploads\/2024\/09\/Sichtbeton-Betonkosmetik-Betonmauer-Stuetzwaende-nach-der-kosmetischen-Behandlung-rauMKult-Sichtbeton-16-scaled.jpg?resize=225%2C300&amp;ssl=1 225w, https:\/\/i0.wp.com\/www.sichtbetonkunst.de\/support\/wp-content\/uploads\/2024\/09\/Sichtbeton-Betonkosmetik-Betonmauer-Stuetzwaende-nach-der-kosmetischen-Behandlung-rauMKult-Sichtbeton-16-scaled.jpg?w=1280&amp;ssl=1 1280w\" sizes=\"auto, (max-width: 640px) 100vw, 640px\" \/><\/a><\/figure>\n\n<div class=\"wp-block-post-excerpt\"><p class=\"wp-block-post-excerpt__excerpt\">Aus kaputt wird kaum zu glauben \u2013 unsere Betonkosmetik hat aus einer besch\u00e4digten Tiefgaragenwand wieder eine Fl\u00e4che gemacht, die nicht nur technisch funktioniert, sondern auch verdammt gut aussieht. Schau dir die ganze Wandlung an! <\/p><\/div>\n\n\n<hr class=\"wp-block-separator has-css-opacity\"\/>\n\n\n<div class=\"wp-block-post-date\"><time datetime=\"2025-06-27T06:00:00+02:00\">27. Juni 2025<\/time><\/div>\n<\/li><\/ul><\/div>\n\n\n\n<p><\/p>\n","protected":false},"excerpt":{"rendered":"","protected":false},"author":1,"featured_media":0,"parent":0,"menu_order":0,"comment_status":"closed","ping_status":"closed","template":"","meta":{"_acf_changed":false,"footnotes":""},"class_list":["post-88","page","type-page","status-publish","hentry"],"acf":[],"_links":{"self":[{"href":"https:\/\/www.sichtbetonkunst.de\/support\/wp-json\/wp\/v2\/pages\/88","targetHints":{"allow":["GET"]}}],"collection":[{"href":"https:\/\/www.sichtbetonkunst.de\/support\/wp-json\/wp\/v2\/pages"}],"about":[{"href":"https:\/\/www.sichtbetonkunst.de\/support\/wp-json\/wp\/v2\/types\/page"}],"author":[{"embeddable":true,"href":"https:\/\/www.sichtbetonkunst.de\/support\/wp-json\/wp\/v2\/users\/1"}],"replies":[{"embeddable":true,"href":"https:\/\/www.sichtbetonkunst.de\/support\/wp-json\/wp\/v2\/comments?post=88"}],"version-history":[{"count":3,"href":"https:\/\/www.sichtbetonkunst.de\/support\/wp-json\/wp\/v2\/pages\/88\/revisions"}],"predecessor-version":[{"id":104,"href":"https:\/\/www.sichtbetonkunst.de\/support\/wp-json\/wp\/v2\/pages\/88\/revisions\/104"}],"wp:attachment":[{"href":"https:\/\/www.sichtbetonkunst.de\/support\/wp-json\/wp\/v2\/media?parent=88"}],"curies":[{"name":"wp","href":"https:\/\/api.w.org\/{rel}","templated":true}]}}